{"id":31963,"date":"2023-06-10T13:42:22","date_gmt":"2023-06-10T13:42:22","guid":{"rendered":"https:\/\/destinoseviajes.com\/?page_id=31963"},"modified":"2025-10-29T12:09:31","modified_gmt":"2025-10-29T12:09:31","slug":"about","status":"publish","type":"page","link":"https:\/\/destinoseviajes.com\/ms\/about\/","title":{"rendered":"Tentang Kami"},"content":{"rendered":"<div class=\"mx-5 sm:mx-0 prose leading-relaxed text-lg mb-5 text-left wp-paragraph\">\n<p>Destinasi dan Perjalanan ialah platform yang didedikasikan kepada mereka yang ingin mengembara dengan lebih maklumat dan menikmati pengalaman permainan yang lebih lengkap dan selamat. Kami menawarkan kandungan yang berguna dan terkini mengenai destinasi pelancongan, perancangan perjalanan, petua praktikal, keperluan kemasukan untuk negara yang berbeza, serta mengenai dunia perjudian, daripada cara terbaik untuk memperoleh sumber kepada berita terkini dalam industri.<\/p>\n<\/div><div class=\"mx-5 sm:mx-0 prose leading-relaxed text-lg mb-5 text-left wp-paragraph\">\n<p>Kami tahu bahawa maklumat yang berselerak dan tidak boleh dipercayai boleh menimbulkan keraguan, semasa melancong dan dalam dunia perjudian. Itulah sebabnya matlamat kami adalah untuk memudahkan perkara yang rumit, menjawab soalan lazim dan membantu setiap pembaca dan pemain membuat keputusan yang lebih termaklum yang selaras dengan minat, belanjawan dan gaya hidup mereka.<\/p>\n<\/div><div class=\"mx-5 sm:mx-0 prose leading-relaxed text-lg mb-5 text-left wp-paragraph\">\n<p>Walaupun kami berkongsi cadangan untuk tempat, laluan, perkhidmatan pelancongan dan permainan, Destinos e Viajes tidak mewakili agensi, syarikat penerbangan, syarikat pelancongan atau platform permainan. Kami tidak mengendalikan tempahan atau jualan. Peranan kami adalah berasaskan maklumat dan panduan semata-mata, untuk pengembara dan peminat permainan video.<\/p>\n<\/div><!--advertisement--><div class=\"mx-5 sm:mx-0 sm:text-3xl text-2xl font-medium title-font mb-4 text-gray-900 text-left\">\n<h2 id=\"h-nuestra-mision\">Misi Kami<\/h2>\n<\/div><div class=\"mx-5 sm:mx-0 prose leading-relaxed text-lg mb-5 text-left wp-paragraph\">\n<p>Kami mahu perjalanan dan permainan menjadi pengalaman yang lebih mudah diakses, teratur dan memperkaya. Itulah sebabnya kami menghasilkan kandungan yang direka untuk pengembara kali pertama, keluarga yang mencari keselesaan, pengembara yang ingin tahu, pemain yang bersemangat atau sesiapa sahaja yang ingin meneroka dunia\u2014fizikal atau maya\u2014dengan lebih persediaan.<\/p>\n<\/div><div class=\"mx-5 sm:mx-0 prose leading-relaxed text-lg mb-5 text-left wp-paragraph\">\n<p>Kami bekerja dengan tanggungjawab dan komitmen, mengutamakan maklumat berdasarkan sumber yang boleh dipercayai, data yang disahkan dan pengalaman dunia sebenar. Kami tidak menawarkan janji yang ideal, tetapi panduan konkrit untuk membantu anda merancang pengembaraan anda yang seterusnya dengan lebih baik, sama ada destinasi pelancongan atau dunia permainan, dan untuk membantu anda menikmati setiap peringkat, dari idea awal hingga kepulangan anda atau permainan seterusnya.<\/p>\n<\/div><!--advertisement--><div class=\"mx-5 sm:mx-0 sm:text-3xl text-2xl font-medium title-font mb-4 text-gray-900 text-left\">\n<h2 id=\"h-que-encontraras-aqui\">Perkara yang Anda Akan Temui Di Sini<\/h2>\n<\/div><div class=\"mx-5 sm:mx-0 prose leading-relaxed text-lg mb-5 text-left wp-paragraph\">\n<p>Tapak kami disusun untuk memudahkan pencarian maklumat berguna, dibahagikan kepada bahagian yang jelas mengikut minat pengembara dan pemain yang paling biasa:<\/p>\n<\/div><div class=\"mx-5 sm:mx-0 prose text-left mb-5\">\n<ul><div class=\"mx-5 sm:mx-0 prose text-left mb-5\">\n<li><strong>Destinasi yang disyorkan mengikut musim dan profil pengembara<\/strong><strong><br><\/strong> Cari destinasi ideal berdasarkan iklim, gaya perjalanan atau pilihan peribadi. Sama ada anda lebih suka alam semula jadi, budaya, pantai atau bandar yang meriah, kami mempunyai cadangan yang disesuaikan dengan citarasa anda.<\/li>\n<\/div>\n\n<div class=\"mx-5 sm:mx-0 prose text-left mb-5\">\n<li><strong>Petua untuk merancang, membungkus dan menyimpan<\/strong><strong><br><\/strong> Daripada cara membuat jadual perjalanan kepada apa yang perlu dibungkus atau cara mencari pilihan yang lebih berpatutan, kami menyediakan panduan praktikal untuk membantu anda mengatur pengalaman perjalanan atau permainan anda tanpa komplikasi.<\/li>\n<\/div>\n\n<div class=\"mx-5 sm:mx-0 prose text-left mb-5\">\n<li><strong>Maklumat mengenai visa, dokumen dan keperluan kemasukan<\/strong><strong><br><\/strong> Kami menerangkan dengan jelas perkara yang anda perlukan untuk memasuki negara yang berbeza, cara memproses visa, vaksin yang wajib atau disyorkan dan aspek penting lain.<\/li>\n<\/div>\n\n<div class=\"mx-5 sm:mx-0 prose text-left mb-5\">\n<li><strong>Apl, alatan dan sumber berguna untuk pengembara dan pemain permainan<\/strong><strong><br><\/strong> Kami menyemak apl mudah alih, tapak perbandingan penerbangan, penterjemah, peta luar talian dan lebih banyak sumber yang boleh menjadikan pengalaman perjalanan atau permainan anda lebih mudah dan selesa.<\/li>\n<\/div>\n\n<div class=\"mx-5 sm:mx-0 prose text-left mb-5\">\n<li><strong>Fakta menarik, budaya tempatan, petua etika dan permainan<\/strong><strong><br><\/strong> Kami membantu anda lebih memahami budaya destinasi yang anda lawati atau dinamik permainan video yang anda nikmati, dengan maklumat tentang adat resam, norma tempatan dan aspek budaya yang baik untuk diketahui sebelum melancong atau bermain.<\/li>\n<\/div><\/ul>\n<\/div><!--advertisement--><div class=\"mx-5 sm:mx-0 sm:text-3xl text-2xl font-medium title-font mb-4 text-gray-900 text-left\">\n<h2 id=\"h-nuestro-enfoque\">Pendekatan Kami<\/h2>\n<\/div><div class=\"mx-5 sm:mx-0 prose leading-relaxed text-lg mb-5 text-left wp-paragraph\">\n<p>Di Destinos e Viajes, kami beroperasi dengan kebebasan editorial dan ketelusan yang lengkap. Kami tidak menerima bayaran untuk menyemak tempat atau mempromosikan perkhidmatan tertentu. Kandungan kami adalah berdasarkan penyelidikan, testimoni sebenar dan analisis yang saksama.<\/p>\n<\/div><div class=\"mx-5 sm:mx-0 prose leading-relaxed text-lg mb-5 text-left wp-paragraph\">\n<p>Kami ingin menyumbang kepada pengalaman perjalanan dan permainan yang lebih termaklum, selamat dan dihormati. Kami percaya bahawa memahami konteks, budaya, praktikal destinasi atau mekanik permainan boleh membuat perbezaan antara pengalaman yang mengecewakan dan yang tidak dapat dilupakan.<\/p>\n<\/div><div class=\"mx-5 sm:mx-0 prose leading-relaxed text-lg mb-5 text-left wp-paragraph\">\n<p>Kami di sini untuk membantu anda menemui dunia tanpa kejutan yang tidak menyenangkan, dengan lebih yakin dan maklumat yang baik setiap langkah, sama ada anda meneroka destinasi baharu atau melibatkan diri dalam alam maya baharu.<\/p>\n<\/div>","protected":false},"excerpt":{"rendered":"<p>Destinations and Travel ialah platform yang dikhaskan untuk mereka yang ingin melancong dengan lebih bermaklumat dan menikmati pengalaman permainan yang lebih lengkap dan selamat. Kami menawarkan kandungan yang berguna dan terkini tentang destinasi pelancongan, perancangan perjalanan, petua praktikal, syarat kemasukan untuk negara yang berbeza, serta dunia permainan, daripada cara terbaik\u2026 <a class=\"more-link\" href=\"https:\/\/destinoseviajes.com\/ms\/about\/\">Teruskan membaca <span class=\"screen-reader-text\">Tentang Kami<\/span><\/a><\/p>","protected":false},"author":17,"featured_media":0,"parent":0,"menu_order":0,"comment_status":"closed","ping_status":"closed","template":"","meta":[],"yoast_head":"<!-- This site is optimized with the Yoast SEO Premium plugin v18.7 (Yoast SEO v19.1) - https:\/\/yoast.com\/wordpress\/plugins\/seo\/ -->\n<title>Sobre Nosotros - Destinos e Viajes<\/title>\n<meta name=\"robots\" content=\"index, follow, max-snippet:-1, max-image-preview:large, max-video-preview:-1\" \/>\n<link rel=\"canonical\" href=\"https:\/\/destinoseviajes.com\/ms\/about\/\" \/>\n<meta property=\"og:locale\" content=\"ms_MY\" \/>\n<meta property=\"og:type\" content=\"article\" \/>\n<meta property=\"og:title\" content=\"Sobre Nosotros\" \/>\n<meta property=\"og:description\" content=\"Destinos e Viajes es una plataforma dedicada a quienes desean viajar mejor informados y disfrutar de experiencias de juegos m\u00e1s completas y seguras. Ofrecemos contenidos \u00fatiles y actualizados sobre destinos tur\u00edsticos, planificaci\u00f3n de viajes, consejos pr\u00e1cticos, requisitos de entrada a diferentes pa\u00edses, as\u00ed como tambi\u00e9n sobre el mundo de los juegos, desde las mejores formas&hellip; Continue reading Sobre Nosotros\" \/>\n<meta property=\"og:url\" content=\"https:\/\/destinoseviajes.com\/ms\/about\/\" \/>\n<meta property=\"og:site_name\" content=\"Destinos e Viajes\" \/>\n<meta property=\"article:modified_time\" content=\"2025-10-29T12:09:31+00:00\" \/>\n<meta name=\"twitter:card\" content=\"summary_large_image\" \/>\n<meta name=\"twitter:label1\" content=\"Est. reading time\" \/>\n\t<meta name=\"twitter:data1\" content=\"3 minit\" \/>\n<script type=\"application\/ld+json\" class=\"yoast-schema-graph\">{\"@context\":\"https:\/\/schema.org\",\"@graph\":[{\"@type\":\"WebSite\",\"@id\":\"https:\/\/destinoseviajes.com\/#website\",\"url\":\"https:\/\/destinoseviajes.com\/\",\"name\":\"Destinos e Viajes\",\"description\":\"\",\"potentialAction\":[{\"@type\":\"SearchAction\",\"target\":{\"@type\":\"EntryPoint\",\"urlTemplate\":\"https:\/\/destinoseviajes.com\/?s={search_term_string}\"},\"query-input\":\"required name=search_term_string\"}],\"inLanguage\":\"ms-MY\"},{\"@type\":\"WebPage\",\"@id\":\"https:\/\/destinoseviajes.com\/about\/#webpage\",\"url\":\"https:\/\/destinoseviajes.com\/about\/\",\"name\":\"Sobre Nosotros - Destinos e Viajes\",\"isPartOf\":{\"@id\":\"https:\/\/destinoseviajes.com\/#website\"},\"datePublished\":\"2023-06-10T13:42:22+00:00\",\"dateModified\":\"2025-10-29T12:09:31+00:00\",\"breadcrumb\":{\"@id\":\"https:\/\/destinoseviajes.com\/about\/#breadcrumb\"},\"inLanguage\":\"ms-MY\",\"potentialAction\":[{\"@type\":\"ReadAction\",\"target\":[\"https:\/\/destinoseviajes.com\/about\/\"]}]},{\"@type\":\"BreadcrumbList\",\"@id\":\"https:\/\/destinoseviajes.com\/about\/#breadcrumb\",\"itemListElement\":[{\"@type\":\"ListItem\",\"position\":1,\"name\":\"Home\",\"item\":\"https:\/\/destinoseviajes.com\/\"},{\"@type\":\"ListItem\",\"position\":2,\"name\":\"Sobre Nosotros\"}]}]}<\/script>\n<!-- \/ Yoast SEO Premium plugin. -->","yoast_head_json":{"title":"Sobre Nosotros - Destinos e Viajes","robots":{"index":"index","follow":"follow","max-snippet":"max-snippet:-1","max-image-preview":"max-image-preview:large","max-video-preview":"max-video-preview:-1"},"canonical":"https:\/\/destinoseviajes.com\/ms\/about\/","og_locale":"ms_MY","og_type":"article","og_title":"Sobre Nosotros","og_description":"Destinos e Viajes es una plataforma dedicada a quienes desean viajar mejor informados y disfrutar de experiencias de juegos m\u00e1s completas y seguras. Ofrecemos contenidos \u00fatiles y actualizados sobre destinos tur\u00edsticos, planificaci\u00f3n de viajes, consejos pr\u00e1cticos, requisitos de entrada a diferentes pa\u00edses, as\u00ed como tambi\u00e9n sobre el mundo de los juegos, desde las mejores formas&hellip; Continue reading Sobre Nosotros","og_url":"https:\/\/destinoseviajes.com\/ms\/about\/","og_site_name":"Destinos e Viajes","article_modified_time":"2025-10-29T12:09:31+00:00","twitter_card":"summary_large_image","twitter_misc":{"Est. reading time":"3 minit"},"schema":{"@context":"https:\/\/schema.org","@graph":[{"@type":"WebSite","@id":"https:\/\/destinoseviajes.com\/#website","url":"https:\/\/destinoseviajes.com\/","name":"Destinos e Viajes","description":"","potentialAction":[{"@type":"SearchAction","target":{"@type":"EntryPoint","urlTemplate":"https:\/\/destinoseviajes.com\/?s={search_term_string}"},"query-input":"required name=search_term_string"}],"inLanguage":"ms-MY"},{"@type":"WebPage","@id":"https:\/\/destinoseviajes.com\/about\/#webpage","url":"https:\/\/destinoseviajes.com\/about\/","name":"Sobre Nosotros - Destinos e Viajes","isPartOf":{"@id":"https:\/\/destinoseviajes.com\/#website"},"datePublished":"2023-06-10T13:42:22+00:00","dateModified":"2025-10-29T12:09:31+00:00","breadcrumb":{"@id":"https:\/\/destinoseviajes.com\/about\/#breadcrumb"},"inLanguage":"ms-MY","potentialAction":[{"@type":"ReadAction","target":["https:\/\/destinoseviajes.com\/about\/"]}]},{"@type":"BreadcrumbList","@id":"https:\/\/destinoseviajes.com\/about\/#breadcrumb","itemListElement":[{"@type":"ListItem","position":1,"name":"Home","item":"https:\/\/destinoseviajes.com\/"},{"@type":"ListItem","position":2,"name":"Sobre Nosotros"}]}]}},"_links":{"self":[{"href":"https:\/\/destinoseviajes.com\/ms\/wp-json\/wp\/v2\/pages\/31963"}],"collection":[{"href":"https:\/\/destinoseviajes.com\/ms\/wp-json\/wp\/v2\/pages"}],"about":[{"href":"https:\/\/destinoseviajes.com\/ms\/wp-json\/wp\/v2\/types\/page"}],"author":[{"embeddable":true,"href":"https:\/\/destinoseviajes.com\/ms\/wp-json\/wp\/v2\/users\/17"}],"replies":[{"embeddable":true,"href":"https:\/\/destinoseviajes.com\/ms\/wp-json\/wp\/v2\/comments?post=31963"}],"version-history":[{"count":0,"href":"https:\/\/destinoseviajes.com\/ms\/wp-json\/wp\/v2\/pages\/31963\/revisions"}],"wp:attachment":[{"href":"https:\/\/destinoseviajes.com\/ms\/wp-json\/wp\/v2\/media?parent=31963"}],"curies":[{"name":"wp","href":"https:\/\/api.w.org\/{rel}","templated":true}]}}