{"id":31963,"date":"2023-06-10T13:42:22","date_gmt":"2023-06-10T13:42:22","guid":{"rendered":"https:\/\/destinoseviajes.com\/?page_id=31963"},"modified":"2025-10-29T12:09:31","modified_gmt":"2025-10-29T12:09:31","slug":"about","status":"publish","type":"page","link":"https:\/\/destinoseviajes.com\/he\/about\/","title":{"rendered":"\u05d0\u05d5\u05d3\u05d5\u05ea\u05d9\u05e0\u05d5"},"content":{"rendered":"<div class=\"mx-5 sm:mx-0 prose leading-relaxed text-lg mb-5 text-left wp-paragraph\">\n<p>Destinations and Travel \u05d4\u05d9\u05d0 \u05e4\u05dc\u05d8\u05e4\u05d5\u05e8\u05de\u05d4 \u05d4\u05de\u05d9\u05d5\u05e2\u05d3\u05ea \u05dc\u05d0\u05dc\u05d5 \u05d4\u05de\u05e2\u05d5\u05e0\u05d9\u05d9\u05e0\u05d9\u05dd \u05dc\u05d8\u05d9\u05d9\u05dc \u05de\u05e2\u05d5\u05d3\u05db\u05e0\u05d9\u05dd \u05d9\u05d5\u05ea\u05e8 \u05d5\u05dc\u05d9\u05d4\u05e0\u05d5\u05ea \u05de\u05d7\u05d5\u05d5\u05d9\u05d5\u05ea \u05de\u05e9\u05d7\u05e7 \u05e9\u05dc\u05de\u05d5\u05ea \u05d5\u05d1\u05d8\u05d5\u05d7\u05d5\u05ea \u05d9\u05d5\u05ea\u05e8. \u05d0\u05e0\u05d5 \u05de\u05e6\u05d9\u05e2\u05d9\u05dd \u05ea\u05d5\u05db\u05df \u05e9\u05d9\u05de\u05d5\u05e9\u05d9 \u05d5\u05e2\u05d3\u05db\u05e0\u05d9 \u05e2\u05dc \u05d9\u05e2\u05d3\u05d9 \u05ea\u05d9\u05d9\u05e8\u05d5\u05ea, \u05ea\u05db\u05e0\u05d5\u05df \u05d8\u05d9\u05d5\u05dc\u05d9\u05dd, \u05d8\u05d9\u05e4\u05d9\u05dd \u05de\u05e2\u05e9\u05d9\u05d9\u05dd, \u05d3\u05e8\u05d9\u05e9\u05d5\u05ea \u05db\u05e0\u05d9\u05e1\u05d4 \u05dc\u05de\u05d3\u05d9\u05e0\u05d5\u05ea \u05e9\u05d5\u05e0\u05d5\u05ea, \u05db\u05de\u05d5 \u05d2\u05dd \u05e2\u05dc \u05e2\u05d5\u05dc\u05dd \u05d4\u05d2\u05d9\u05d9\u05de\u05d9\u05e0\u05d2, \u05d4\u05d7\u05dc \u05de\u05d4\u05d3\u05e8\u05db\u05d9\u05dd \u05d4\u05d8\u05d5\u05d1\u05d5\u05ea \u05d1\u05d9\u05d5\u05ea\u05e8 \u05dc\u05e8\u05db\u05d5\u05e9 \u05de\u05e9\u05d0\u05d1\u05d9\u05dd \u05d5\u05e2\u05d3 \u05dc\u05d7\u05d3\u05e9\u05d5\u05ea \u05d4\u05d0\u05d7\u05e8\u05d5\u05e0\u05d5\u05ea \u05d1\u05ea\u05e2\u05e9\u05d9\u05d9\u05d4.<\/p>\n<\/div><div class=\"mx-5 sm:mx-0 prose leading-relaxed text-lg mb-5 text-left wp-paragraph\">\n<p>\u05d0\u05e0\u05d5 \u05d9\u05d5\u05d3\u05e2\u05d9\u05dd \u05e9\u05de\u05d9\u05d3\u05e2 \u05de\u05e4\u05d5\u05d6\u05e8 \u05d5\u05dc\u05d0 \u05d0\u05de\u05d9\u05df \u05d9\u05db\u05d5\u05dc \u05dc\u05d9\u05e6\u05d5\u05e8 \u05e1\u05e4\u05e7\u05d5\u05ea, \u05d4\u05df \u05d1\u05d8\u05d9\u05d5\u05dc\u05d9\u05dd \u05d5\u05d4\u05df \u05d1\u05e2\u05d5\u05dc\u05dd \u05d4\u05d2\u05d9\u05d9\u05de\u05d9\u05e0\u05d2. \u05d6\u05d5 \u05d4\u05e1\u05d9\u05d1\u05d4 \u05e9\u05de\u05d8\u05e8\u05ea\u05e0\u05d5 \u05d4\u05d9\u05d0 \u05dc\u05e4\u05e9\u05d8 \u05d0\u05ea \u05d4\u05de\u05d5\u05e8\u05db\u05d1\u05d5\u05ea, \u05dc\u05e2\u05e0\u05d5\u05ea \u05e2\u05dc \u05e9\u05d0\u05dc\u05d5\u05ea \u05e0\u05e4\u05d5\u05e6\u05d5\u05ea \u05d5\u05dc\u05e2\u05d6\u05d5\u05e8 \u05dc\u05db\u05dc \u05e7\u05d5\u05e8\u05d0 \u05d5\u05e9\u05d7\u05e7\u05df \u05dc\u05e7\u05d1\u05dc \u05d4\u05d7\u05dc\u05d8\u05d5\u05ea \u05de\u05d5\u05e9\u05db\u05dc\u05d5\u05ea \u05d9\u05d5\u05ea\u05e8 \u05e9\u05de\u05ea\u05d0\u05d9\u05de\u05d5\u05ea \u05dc\u05ea\u05d7\u05d5\u05de\u05d9 \u05d4\u05e2\u05e0\u05d9\u05d9\u05df, \u05d4\u05ea\u05e7\u05e6\u05d9\u05d1 \u05d5\u05e1\u05d2\u05e0\u05d5\u05df \u05d4\u05d7\u05d9\u05d9\u05dd \u05e9\u05dc\u05d4\u05dd.<\/p>\n<\/div><div class=\"mx-5 sm:mx-0 prose leading-relaxed text-lg mb-5 text-left wp-paragraph\">\n<p>\u05dc\u05de\u05e8\u05d5\u05ea \u05e9\u05d0\u05e0\u05d5 \u05de\u05e9\u05ea\u05e4\u05d9\u05dd \u05d4\u05de\u05dc\u05e6\u05d5\u05ea \u05dc\u05de\u05e7\u05d5\u05de\u05d5\u05ea, \u05de\u05e1\u05dc\u05d5\u05dc\u05d9\u05dd, \u05e9\u05d9\u05e8\u05d5\u05ea\u05d9 \u05ea\u05d9\u05d9\u05e8\u05d5\u05ea \u05d5\u05de\u05e9\u05d7\u05e7\u05d9\u05dd, Destinos e Viajes \u05d0\u05d9\u05e0\u05d4 \u05de\u05d9\u05d9\u05e6\u05d2\u05ea \u05e1\u05d5\u05db\u05e0\u05d5\u05d9\u05d5\u05ea, \u05d7\u05d1\u05e8\u05d5\u05ea \u05ea\u05e2\u05d5\u05e4\u05d4, \u05d7\u05d1\u05e8\u05d5\u05ea \u05ea\u05d9\u05d9\u05e8\u05d5\u05ea \u05d0\u05d5 \u05e4\u05dc\u05d8\u05e4\u05d5\u05e8\u05de\u05d5\u05ea \u05de\u05e9\u05d7\u05e7\u05d9\u05dd. \u05d0\u05d9\u05e0\u05e0\u05d5 \u05de\u05d8\u05e4\u05dc\u05d9\u05dd \u05d1\u05d4\u05d6\u05de\u05e0\u05d5\u05ea \u05d0\u05d5 \u05d1\u05de\u05db\u05d9\u05e8\u05d5\u05ea. \u05ea\u05e4\u05e7\u05d9\u05d3\u05e0\u05d5 \u05d4\u05d5\u05d0 \u05d0\u05da \u05d5\u05e8\u05e7 \u05de\u05d1\u05d5\u05e1\u05e1 \u05de\u05d9\u05d3\u05e2 \u05d5\u05d4\u05d3\u05e8\u05db\u05d4, \u05d4\u05df \u05e2\u05d1\u05d5\u05e8 \u05de\u05d8\u05d9\u05d9\u05dc\u05d9\u05dd \u05d5\u05d4\u05df \u05e2\u05d1\u05d5\u05e8 \u05d7\u05d5\u05d1\u05d1\u05d9 \u05de\u05e9\u05d7\u05e7\u05d9 \u05d5\u05d9\u05d3\u05d0\u05d5.<\/p>\n<\/div><!--advertisement--><div class=\"mx-5 sm:mx-0 sm:text-3xl text-2xl font-medium title-font mb-4 text-gray-900 text-left\">\n<h2 id=\"h-nuestra-mision\">\u05d4\u05de\u05e9\u05d9\u05de\u05d4 \u05e9\u05dc\u05e0\u05d5<\/h2>\n<\/div><div class=\"mx-5 sm:mx-0 prose leading-relaxed text-lg mb-5 text-left wp-paragraph\">\n<p>\u05d0\u05e0\u05d7\u05e0\u05d5 \u05e8\u05d5\u05e6\u05d9\u05dd \u05e9\u05d8\u05d9\u05d5\u05dc\u05d9\u05dd \u05d5\u05de\u05e9\u05d7\u05e7\u05d9\u05dd \u05d9\u05d4\u05d9\u05d5 \u05d7\u05d5\u05d5\u05d9\u05d5\u05ea \u05e0\u05d2\u05d9\u05e9\u05d5\u05ea, \u05de\u05d0\u05d5\u05e8\u05d2\u05e0\u05d5\u05ea \u05d5\u05de\u05e2\u05e9\u05d9\u05e8\u05d5\u05ea \u05d9\u05d5\u05ea\u05e8. \u05dc\u05db\u05df \u05d0\u05e0\u05d5 \u05de\u05d9\u05d9\u05e6\u05e8\u05d9\u05dd \u05ea\u05d5\u05db\u05df \u05d4\u05de\u05d9\u05d5\u05e2\u05d3 \u05dc\u05de\u05d8\u05d9\u05d9\u05dc\u05d9\u05dd \u05d1\u05e4\u05e2\u05dd \u05d4\u05e8\u05d0\u05e9\u05d5\u05e0\u05d4, \u05de\u05e9\u05e4\u05d7\u05d5\u05ea \u05d4\u05de\u05d7\u05e4\u05e9\u05d5\u05ea \u05e0\u05d5\u05d7\u05d5\u05ea, \u05ea\u05e8\u05de\u05d9\u05dc\u05d0\u05d9\u05dd \u05e1\u05e7\u05e8\u05e0\u05d9\u05dd, \u05d2\u05d9\u05d9\u05de\u05e8\u05d9\u05dd \u05e0\u05dc\u05d4\u05d1\u05d9\u05dd, \u05d0\u05d5 \u05db\u05dc \u05de\u05d9 \u05e9\u05e8\u05d5\u05e6\u05d4 \u05dc\u05d2\u05dc\u05d5\u05ea \u05d0\u05ea \u05d4\u05e2\u05d5\u05dc\u05dd - \u05e4\u05d9\u05d6\u05d9 \u05d0\u05d5 \u05d5\u05d9\u05e8\u05d8\u05d5\u05d0\u05dc\u05d9 - \u05e2\u05dd \u05d9\u05d5\u05ea\u05e8 \u05d4\u05db\u05e0\u05d4.<\/p>\n<\/div><div class=\"mx-5 sm:mx-0 prose leading-relaxed text-lg mb-5 text-left wp-paragraph\">\n<p>\u05d0\u05e0\u05d5 \u05e2\u05d5\u05d1\u05d3\u05d9\u05dd \u05d1\u05d0\u05d7\u05e8\u05d9\u05d5\u05ea \u05d5\u05d1\u05de\u05d7\u05d5\u05d9\u05d1\u05d5\u05ea, \u05ea\u05d5\u05da \u05de\u05ea\u05df \u05e2\u05d3\u05d9\u05e4\u05d5\u05ea \u05dc\u05de\u05d9\u05d3\u05e2 \u05d4\u05de\u05d1\u05d5\u05e1\u05e1 \u05e2\u05dc \u05de\u05e7\u05d5\u05e8\u05d5\u05ea \u05d0\u05de\u05d9\u05e0\u05d9\u05dd, \u05e0\u05ea\u05d5\u05e0\u05d9\u05dd \u05de\u05d0\u05d5\u05de\u05ea\u05d9\u05dd \u05d5\u05d7\u05d5\u05d5\u05d9\u05d5\u05ea \u05de\u05d4\u05e2\u05d5\u05dc\u05dd \u05d4\u05d0\u05de\u05d9\u05ea\u05d9. \u05d0\u05d9\u05e0\u05e0\u05d5 \u05de\u05e6\u05d9\u05e2\u05d9\u05dd \u05d4\u05d1\u05d8\u05d7\u05d5\u05ea \u05d0\u05d9\u05d3\u05d9\u05d0\u05dc\u05d9\u05d5\u05ea, \u05d0\u05dc\u05d0 \u05de\u05d3\u05e8\u05d9\u05db\u05d9\u05dd \u05e7\u05d5\u05e0\u05e7\u05e8\u05d8\u05d9\u05d9\u05dd \u05e9\u05d9\u05e2\u05d6\u05e8\u05d5 \u05dc\u05db\u05dd \u05dc\u05ea\u05db\u05e0\u05df \u05d8\u05d5\u05d1 \u05d9\u05d5\u05ea\u05e8 \u05d0\u05ea \u05d4\u05d4\u05e8\u05e4\u05ea\u05e7\u05d4 \u05d4\u05d1\u05d0\u05d4 \u05e9\u05dc\u05db\u05dd, \u05d1\u05d9\u05df \u05d0\u05dd \u05de\u05d3\u05d5\u05d1\u05e8 \u05d1\u05d9\u05e2\u05d3 \u05ea\u05d9\u05d9\u05e8\u05d5\u05ea\u05d9 \u05d0\u05d5 \u05d1\u05e2\u05d5\u05dc\u05dd \u05de\u05e9\u05d7\u05e7, \u05d5\u05d9\u05e2\u05d6\u05e8\u05d5 \u05dc\u05db\u05dd \u05dc\u05d9\u05d4\u05e0\u05d5\u05ea \u05de\u05db\u05dc \u05e9\u05dc\u05d1, \u05de\u05d4\u05e8\u05e2\u05d9\u05d5\u05df \u05d4\u05e8\u05d0\u05e9\u05d5\u05e0\u05d9 \u05d5\u05e2\u05d3 \u05dc\u05d7\u05d6\u05e8\u05ea\u05db\u05dd \u05d0\u05d5 \u05dc\u05de\u05e9\u05d7\u05e7 \u05d4\u05d1\u05d0.<\/p>\n<\/div><!--advertisement--><div class=\"mx-5 sm:mx-0 sm:text-3xl text-2xl font-medium title-font mb-4 text-gray-900 text-left\">\n<h2 id=\"h-que-encontraras-aqui\">\u05de\u05d4 \u05ea\u05de\u05e6\u05d0\u05d5 \u05db\u05d0\u05df<\/h2>\n<\/div><div class=\"mx-5 sm:mx-0 prose leading-relaxed text-lg mb-5 text-left wp-paragraph\">\n<p>\u05d4\u05d0\u05ea\u05e8 \u05e9\u05dc\u05e0\u05d5 \u05de\u05d0\u05d5\u05e8\u05d2\u05df \u05db\u05da \u05e9\u05d9\u05d4\u05d9\u05d4 \u05e7\u05dc \u05dc\u05de\u05e6\u05d5\u05d0 \u05de\u05d9\u05d3\u05e2 \u05e9\u05d9\u05de\u05d5\u05e9\u05d9, \u05de\u05d7\u05d5\u05dc\u05e7 \u05dc\u05d7\u05dc\u05e7\u05d9\u05dd \u05d1\u05e8\u05d5\u05e8\u05d9\u05dd \u05d1\u05d4\u05ea\u05d0\u05dd \u05dc\u05ea\u05d7\u05d5\u05de\u05d9 \u05d4\u05e2\u05e0\u05d9\u05d9\u05df \u05d4\u05e0\u05e4\u05d5\u05e6\u05d9\u05dd \u05d1\u05d9\u05d5\u05ea\u05e8 \u05e9\u05dc \u05de\u05d8\u05d9\u05d9\u05dc\u05d9\u05dd \u05d5\u05d2\u05d9\u05d9\u05de\u05e8\u05d9\u05dd:<\/p>\n<\/div><div class=\"mx-5 sm:mx-0 prose text-left mb-5\">\n<ul><div class=\"mx-5 sm:mx-0 prose text-left mb-5\">\n<li><strong>\u05d9\u05e2\u05d3\u05d9\u05dd \u05de\u05d5\u05de\u05dc\u05e6\u05d9\u05dd \u05dc\u05e4\u05d9 \u05e2\u05d5\u05e0\u05d4 \u05d5\u05e4\u05e8\u05d5\u05e4\u05d9\u05dc \u05de\u05d8\u05d9\u05d9\u05dc<\/strong><strong><br><\/strong> \u05de\u05e6\u05d0\u05d5 \u05d9\u05e2\u05d3\u05d9\u05dd \u05d0\u05d9\u05d3\u05d9\u05d0\u05dc\u05d9\u05d9\u05dd \u05d4\u05de\u05d1\u05d5\u05e1\u05e1\u05d9\u05dd \u05e2\u05dc \u05d0\u05e7\u05dc\u05d9\u05dd, \u05e1\u05d2\u05e0\u05d5\u05df \u05d8\u05d9\u05d5\u05dc \u05d0\u05d5 \u05d4\u05e2\u05d3\u05e4\u05d5\u05ea \u05d0\u05d9\u05e9\u05d9\u05d5\u05ea. \u05d1\u05d9\u05df \u05d0\u05dd \u05d0\u05ea\u05dd \u05de\u05e2\u05d3\u05d9\u05e4\u05d9\u05dd \u05d8\u05d1\u05e2, \u05ea\u05e8\u05d1\u05d5\u05ea, \u05d7\u05d5\u05e4\u05d9\u05dd \u05d0\u05d5 \u05e2\u05e8\u05d9\u05dd \u05ea\u05d5\u05e1\u05e1\u05d5\u05ea, \u05d9\u05e9 \u05dc\u05e0\u05d5 \u05d4\u05e6\u05e2\u05d5\u05ea \u05d4\u05de\u05d5\u05ea\u05d0\u05de\u05d5\u05ea \u05dc\u05d8\u05e2\u05de\u05db\u05dd.<\/li>\n<\/div>\n\n<div class=\"mx-5 sm:mx-0 prose text-left mb-5\">\n<li><strong>\u05d8\u05d9\u05e4\u05d9\u05dd \u05dc\u05ea\u05db\u05e0\u05d5\u05df, \u05d0\u05e8\u05d9\u05d6\u05d4 \u05d5\u05d7\u05d9\u05e1\u05db\u05d5\u05df<\/strong><strong><br><\/strong> \u05d4\u05d7\u05dc \u05de\u05d9\u05e6\u05d9\u05e8\u05ea \u05de\u05e1\u05dc\u05d5\u05dc \u05d8\u05d9\u05d5\u05dc \u05d5\u05e2\u05d3 \u05de\u05d4 \u05dc\u05d0\u05e8\u05d5\u05d6 \u05d0\u05d5 \u05de\u05e6\u05d9\u05d0\u05ea \u05d0\u05e4\u05e9\u05e8\u05d5\u05d9\u05d5\u05ea \u05de\u05e9\u05ea\u05dc\u05de\u05d5\u05ea \u05d9\u05d5\u05ea\u05e8, \u05d0\u05e0\u05d5 \u05de\u05e1\u05e4\u05e7\u05d9\u05dd \u05de\u05d3\u05e8\u05d9\u05db\u05d9\u05dd \u05de\u05e2\u05e9\u05d9\u05d9\u05dd \u05e9\u05d9\u05e2\u05d6\u05e8\u05d5 \u05dc\u05db\u05dd \u05dc\u05d0\u05e8\u05d2\u05df \u05d0\u05ea \u05d7\u05d5\u05d5\u05d9\u05d9\u05ea \u05d4\u05d8\u05d9\u05d5\u05dc \u05d0\u05d5 \u05d4\u05de\u05e9\u05d7\u05e7 \u05e9\u05dc\u05db\u05dd \u05dc\u05dc\u05d0 \u05e1\u05d9\u05d1\u05d5\u05db\u05d9\u05dd.<\/li>\n<\/div>\n\n<div class=\"mx-5 sm:mx-0 prose text-left mb-5\">\n<li><strong>\u05de\u05d9\u05d3\u05e2 \u05e2\u05dc \u05d5\u05d9\u05d6\u05d5\u05ea, \u05de\u05e1\u05de\u05db\u05d9\u05dd \u05d5\u05d3\u05e8\u05d9\u05e9\u05d5\u05ea \u05db\u05e0\u05d9\u05e1\u05d4<\/strong><strong><br><\/strong> \u05d0\u05e0\u05d5 \u05de\u05e1\u05d1\u05d9\u05e8\u05d9\u05dd \u05d1\u05d1\u05d9\u05e8\u05d5\u05e8 \u05de\u05d4 \u05e0\u05d3\u05e8\u05e9 \u05db\u05d3\u05d9 \u05dc\u05d4\u05d9\u05db\u05e0\u05e1 \u05dc\u05de\u05d3\u05d9\u05e0\u05d5\u05ea \u05e9\u05d5\u05e0\u05d5\u05ea, \u05db\u05d9\u05e6\u05d3 \u05dc\u05e2\u05d1\u05d3 \u05d0\u05e9\u05e8\u05d5\u05ea, \u05d0\u05d9\u05dc\u05d5 \u05d7\u05d9\u05e1\u05d5\u05e0\u05d9\u05dd \u05d7\u05d5\u05d1\u05d4 \u05d0\u05d5 \u05de\u05d5\u05de\u05dc\u05e6\u05d9\u05dd, \u05d5\u05d4\u05d9\u05d1\u05d8\u05d9\u05dd \u05d7\u05d9\u05d5\u05e0\u05d9\u05d9\u05dd \u05d0\u05d7\u05e8\u05d9\u05dd.<\/li>\n<\/div>\n\n<div class=\"mx-5 sm:mx-0 prose text-left mb-5\">\n<li><strong>\u05d0\u05e4\u05dc\u05d9\u05e7\u05e6\u05d9\u05d5\u05ea, \u05db\u05dc\u05d9\u05dd \u05d5\u05de\u05e9\u05d0\u05d1\u05d9\u05dd \u05e9\u05d9\u05de\u05d5\u05e9\u05d9\u05d9\u05dd \u05dc\u05de\u05d8\u05d9\u05d9\u05dc\u05d9\u05dd \u05d5\u05d2\u05d9\u05d9\u05de\u05e8\u05d9\u05dd<\/strong><strong><br><\/strong> \u05d0\u05e0\u05d5 \u05e1\u05d5\u05e7\u05e8\u05d9\u05dd \u05d0\u05e4\u05dc\u05d9\u05e7\u05e6\u05d9\u05d5\u05ea \u05de\u05d5\u05d1\u05d9\u05d9\u05dc, \u05d0\u05ea\u05e8\u05d9 \u05d4\u05e9\u05d5\u05d5\u05d0\u05ea \u05d8\u05d9\u05e1\u05d5\u05ea, \u05de\u05ea\u05e8\u05d2\u05de\u05d9\u05dd, \u05de\u05e4\u05d5\u05ea \u05dc\u05d0 \u05de\u05e7\u05d5\u05d5\u05e0\u05d5\u05ea \u05d5\u05de\u05e9\u05d0\u05d1\u05d9\u05dd \u05e0\u05d5\u05e1\u05e4\u05d9\u05dd \u05e9\u05d9\u05db\u05d5\u05dc\u05d9\u05dd \u05dc\u05d4\u05e4\u05d5\u05da \u05d0\u05ea \u05d7\u05d5\u05d5\u05d9\u05d9\u05ea \u05d4\u05d8\u05d9\u05d5\u05dc \u05d0\u05d5 \u05d4\u05de\u05e9\u05d7\u05e7 \u05e9\u05dc\u05db\u05dd \u05dc\u05e7\u05dc\u05d4 \u05d5\u05e0\u05d5\u05d7\u05d4 \u05d9\u05d5\u05ea\u05e8.<\/li>\n<\/div>\n\n<div class=\"mx-5 sm:mx-0 prose text-left mb-5\">\n<li><strong>\u05e2\u05d5\u05d1\u05d3\u05d5\u05ea \u05de\u05e2\u05e0\u05d9\u05d9\u05e0\u05d5\u05ea, \u05ea\u05e8\u05d1\u05d5\u05ea \u05de\u05e7\u05d5\u05de\u05d9\u05ea, \u05d8\u05d9\u05e4\u05d9\u05dd \u05dc\u05e0\u05d9\u05de\u05d5\u05e1\u05d9\u05dd \u05d5\u05de\u05e9\u05d7\u05e7\u05d9\u05dd<\/strong><strong><br><\/strong> \u05d0\u05e0\u05d5 \u05e2\u05d5\u05d6\u05e8\u05d9\u05dd \u05dc\u05db\u05dd \u05dc\u05d4\u05d1\u05d9\u05df \u05d8\u05d5\u05d1 \u05d9\u05d5\u05ea\u05e8 \u05d0\u05ea \u05d4\u05ea\u05e8\u05d1\u05d5\u05ea \u05e9\u05dc \u05d4\u05d9\u05e2\u05d3\u05d9\u05dd \u05e9\u05d0\u05ea\u05dd \u05de\u05d1\u05e7\u05e8\u05d9\u05dd \u05d1\u05d4\u05dd \u05d0\u05d5 \u05d0\u05ea \u05d4\u05d3\u05d9\u05e0\u05de\u05d9\u05e7\u05d4 \u05e9\u05dc \u05de\u05e9\u05d7\u05e7\u05d9 \u05d4\u05d5\u05d5\u05d9\u05d3\u05d0\u05d5 \u05e9\u05d0\u05ea\u05dd \u05e0\u05d4\u05e0\u05d9\u05dd \u05de\u05d4\u05dd, \u05e2\u05dd \u05de\u05d9\u05d3\u05e2 \u05e2\u05dc \u05de\u05e0\u05d4\u05d2\u05d9\u05dd, \u05e0\u05d5\u05e8\u05de\u05d5\u05ea \u05de\u05e7\u05d5\u05de\u05d9\u05d5\u05ea \u05d5\u05d4\u05d9\u05d1\u05d8\u05d9\u05dd \u05ea\u05e8\u05d1\u05d5\u05ea\u05d9\u05d9\u05dd \u05e9\u05db\u05d3\u05d0\u05d9 \u05dc\u05d3\u05e2\u05ea \u05dc\u05e4\u05e0\u05d9 \u05e0\u05e1\u05d9\u05e2\u05d4 \u05d0\u05d5 \u05de\u05e9\u05d7\u05e7.<\/li>\n<\/div><\/ul>\n<\/div><!--advertisement--><div class=\"mx-5 sm:mx-0 sm:text-3xl text-2xl font-medium title-font mb-4 text-gray-900 text-left\">\n<h2 id=\"h-nuestro-enfoque\">\u05d4\u05d2\u05d9\u05e9\u05d4 \u05e9\u05dc\u05e0\u05d5<\/h2>\n<\/div><div class=\"mx-5 sm:mx-0 prose leading-relaxed text-lg mb-5 text-left wp-paragraph\">\n<p>\u05d1-Destinos e Viajes, \u05d0\u05e0\u05d5 \u05e4\u05d5\u05e2\u05dc\u05d9\u05dd \u05d1\u05e2\u05e6\u05de\u05d0\u05d5\u05ea \u05e2\u05e8\u05d9\u05db\u05d4 \u05d5\u05d1\u05e9\u05e7\u05d9\u05e4\u05d5\u05ea \u05de\u05dc\u05d0\u05d4. \u05d0\u05d9\u05e0\u05e0\u05d5 \u05de\u05e7\u05d1\u05dc\u05d9\u05dd \u05ea\u05e9\u05dc\u05d5\u05de\u05d9\u05dd \u05e2\u05d1\u05d5\u05e8 \u05e1\u05e7\u05d9\u05e8\u05ea \u05de\u05e7\u05d5\u05de\u05d5\u05ea \u05d0\u05d5 \u05e7\u05d9\u05d3\u05d5\u05dd \u05e9\u05d9\u05e8\u05d5\u05ea\u05d9\u05dd \u05e1\u05e4\u05e6\u05d9\u05e4\u05d9\u05d9\u05dd. \u05d4\u05ea\u05d5\u05db\u05df \u05e9\u05dc\u05e0\u05d5 \u05de\u05d1\u05d5\u05e1\u05e1 \u05e2\u05dc \u05de\u05d7\u05e7\u05e8, \u05d4\u05de\u05dc\u05e6\u05d5\u05ea \u05d0\u05de\u05d9\u05ea\u05d9\u05d5\u05ea \u05d5\u05e0\u05d9\u05ea\u05d5\u05d7\u05d9\u05dd \u05d0\u05d5\u05d1\u05d9\u05d9\u05e7\u05d8\u05d9\u05d1\u05d9\u05d9\u05dd.<\/p>\n<\/div><div class=\"mx-5 sm:mx-0 prose leading-relaxed text-lg mb-5 text-left wp-paragraph\">\n<p>\u05d0\u05e0\u05d5 \u05e8\u05d5\u05e6\u05d9\u05dd \u05dc\u05ea\u05e8\u05d5\u05dd \u05dc\u05d7\u05d5\u05d5\u05d9\u05d9\u05ea \u05d8\u05d9\u05d5\u05dc \u05d5\u05de\u05e9\u05d7\u05e7 \u05de\u05d5\u05e9\u05db\u05dc\u05ea, \u05d1\u05d8\u05d5\u05d7\u05d4 \u05d5\u05de\u05db\u05d1\u05d3\u05ea \u05d9\u05d5\u05ea\u05e8. \u05d0\u05e0\u05d5 \u05de\u05d0\u05de\u05d9\u05e0\u05d9\u05dd \u05e9\u05d4\u05d1\u05e0\u05ea \u05d4\u05d4\u05e7\u05e9\u05e8, \u05d4\u05ea\u05e8\u05d1\u05d5\u05ea, \u05d4\u05de\u05e2\u05e9\u05d9\u05d5\u05ea \u05e9\u05dc \u05d9\u05e2\u05d3 \u05d0\u05d5 \u05d4\u05de\u05db\u05e0\u05d9\u05e7\u05d4 \u05e9\u05dc \u05de\u05e9\u05d7\u05e7 \u05d9\u05db\u05d5\u05dc\u05d4 \u05dc\u05e2\u05e9\u05d5\u05ea \u05d0\u05ea \u05d4\u05d4\u05d1\u05d3\u05dc \u05d1\u05d9\u05df \u05d7\u05d5\u05d5\u05d9\u05d4 \u05de\u05ea\u05e1\u05db\u05dc\u05ea \u05dc\u05d7\u05d5\u05d5\u05d9\u05d4 \u05d1\u05dc\u05ea\u05d9 \u05e0\u05e9\u05db\u05d7\u05ea.<\/p>\n<\/div><div class=\"mx-5 sm:mx-0 prose leading-relaxed text-lg mb-5 text-left wp-paragraph\">\n<p>\u05d0\u05e0\u05d7\u05e0\u05d5 \u05db\u05d0\u05df \u05db\u05d3\u05d9 \u05dc\u05e2\u05d6\u05d5\u05e8 \u05dc\u05db\u05dd \u05dc\u05d2\u05dc\u05d5\u05ea \u05d0\u05ea \u05d4\u05e2\u05d5\u05dc\u05dd \u05d1\u05dc\u05d9 \u05d4\u05e4\u05ea\u05e2\u05d5\u05ea \u05dc\u05d0 \u05e0\u05e2\u05d9\u05de\u05d5\u05ea, \u05e2\u05dd \u05d9\u05d5\u05ea\u05e8 \u05d1\u05d9\u05d8\u05d7\u05d5\u05df \u05d5\u05de\u05d9\u05d3\u05e2 \u05d8\u05d5\u05d1 \u05d1\u05db\u05dc \u05e9\u05dc\u05d1, \u05d1\u05d9\u05df \u05d0\u05dd \u05d0\u05ea\u05dd \u05d7\u05d5\u05e7\u05e8\u05d9\u05dd \u05d9\u05e2\u05d3\u05d9\u05dd \u05d7\u05d3\u05e9\u05d9\u05dd \u05d0\u05d5 \u05e9\u05d5\u05e7\u05e2\u05d9\u05dd \u05d1\u05d9\u05e7\u05d5\u05de\u05d9\u05dd \u05d5\u05d9\u05e8\u05d8\u05d5\u05d0\u05dc\u05d9\u05d9\u05dd \u05d7\u05d3\u05e9\u05d9\u05dd.<\/p>\n<\/div>","protected":false},"excerpt":{"rendered":"<p>\u05d9\u05e2\u05d3\u05d9\u05dd \u05d5\u05e0\u05e1\u05d9\u05e2\u05d5\u05ea \u05d4\u05d9\u05d0 \u05e4\u05dc\u05d8\u05e4\u05d5\u05e8\u05de\u05d4 \u05d4\u05de\u05d9\u05d5\u05e2\u05d3\u05ea \u05dc\u05d0\u05dc\u05d5 \u05d4\u05de\u05e2\u05d5\u05e0\u05d9\u05d9\u05e0\u05d9\u05dd \u05dc\u05d8\u05d9\u05d9\u05dc \u05de\u05e2\u05d5\u05d3\u05db\u05e0\u05d9\u05dd \u05d9\u05d5\u05ea\u05e8 \u05d5\u05dc\u05d9\u05d4\u05e0\u05d5\u05ea \u05de\u05d7\u05d5\u05d5\u05d9\u05d5\u05ea \u05de\u05e9\u05d7\u05e7 \u05e9\u05dc\u05de\u05d5\u05ea \u05d5\u05d1\u05d8\u05d5\u05d7\u05d5\u05ea \u05d9\u05d5\u05ea\u05e8. \u05d0\u05e0\u05d5 \u05de\u05e6\u05d9\u05e2\u05d9\u05dd \u05ea\u05d5\u05db\u05df \u05e9\u05d9\u05de\u05d5\u05e9\u05d9 \u05d5\u05e2\u05d3\u05db\u05e0\u05d9 \u05e2\u05dc \u05d9\u05e2\u05d3\u05d9 \u05ea\u05d9\u05d9\u05e8\u05d5\u05ea, \u05ea\u05db\u05e0\u05d5\u05df \u05d8\u05d9\u05d5\u05dc\u05d9\u05dd, \u05d8\u05d9\u05e4\u05d9\u05dd \u05de\u05e2\u05e9\u05d9\u05d9\u05dd, \u05d3\u05e8\u05d9\u05e9\u05d5\u05ea \u05db\u05e0\u05d9\u05e1\u05d4 \u05dc\u05de\u05d3\u05d9\u05e0\u05d5\u05ea \u05e9\u05d5\u05e0\u05d5\u05ea, \u05db\u05de\u05d5 \u05d2\u05dd \u05e2\u05dc \u05e2\u05d5\u05dc\u05dd \u05d4\u05d2\u05d9\u05d9\u05de\u05d9\u05e0\u05d2, \u05de\u05d4\u05d3\u05e8\u05db\u05d9\u05dd \u05d4\u05d8\u05d5\u05d1\u05d5\u05ea \u05d1\u05d9\u05d5\u05ea\u05e8... <a class=\"more-link\" href=\"https:\/\/destinoseviajes.com\/he\/about\/\">\u05d4\u05de\u05e9\u05da \u05e7\u05e8\u05d9\u05d0\u05d4 <span class=\"screen-reader-text\">\u05d0\u05d5\u05d3\u05d5\u05ea\u05d9\u05e0\u05d5<\/span><\/a><\/p>","protected":false},"author":17,"featured_media":0,"parent":0,"menu_order":0,"comment_status":"closed","ping_status":"closed","template":"","meta":[],"yoast_head":"<!-- This site is optimized with the Yoast SEO Premium plugin v18.7 (Yoast SEO v19.1) - https:\/\/yoast.com\/wordpress\/plugins\/seo\/ -->\n<title>Sobre Nosotros - Destinos e Viajes<\/title>\n<meta name=\"robots\" content=\"index, follow, max-snippet:-1, max-image-preview:large, max-video-preview:-1\" \/>\n<link rel=\"canonical\" href=\"https:\/\/destinoseviajes.com\/he\/about\/\" \/>\n<meta property=\"og:locale\" content=\"he_IL\" \/>\n<meta property=\"og:type\" content=\"article\" \/>\n<meta property=\"og:title\" content=\"Sobre Nosotros\" \/>\n<meta property=\"og:description\" content=\"Destinos e Viajes es una plataforma dedicada a quienes desean viajar mejor informados y disfrutar de experiencias de juegos m\u00e1s completas y seguras. Ofrecemos contenidos \u00fatiles y actualizados sobre destinos tur\u00edsticos, planificaci\u00f3n de viajes, consejos pr\u00e1cticos, requisitos de entrada a diferentes pa\u00edses, as\u00ed como tambi\u00e9n sobre el mundo de los juegos, desde las mejores formas&hellip; Continue reading Sobre Nosotros\" \/>\n<meta property=\"og:url\" content=\"https:\/\/destinoseviajes.com\/he\/about\/\" \/>\n<meta property=\"og:site_name\" content=\"Destinos e Viajes\" \/>\n<meta property=\"article:modified_time\" content=\"2025-10-29T12:09:31+00:00\" \/>\n<meta name=\"twitter:card\" content=\"summary_large_image\" \/>\n<meta name=\"twitter:label1\" content=\"Est. reading time\" \/>\n\t<meta name=\"twitter:data1\" content=\"3 \u05d3\u05e7\u05d5\u05ea\" \/>\n<script type=\"application\/ld+json\" class=\"yoast-schema-graph\">{\"@context\":\"https:\/\/schema.org\",\"@graph\":[{\"@type\":\"WebSite\",\"@id\":\"https:\/\/destinoseviajes.com\/#website\",\"url\":\"https:\/\/destinoseviajes.com\/\",\"name\":\"Destinos e Viajes\",\"description\":\"\",\"potentialAction\":[{\"@type\":\"SearchAction\",\"target\":{\"@type\":\"EntryPoint\",\"urlTemplate\":\"https:\/\/destinoseviajes.com\/?s={search_term_string}\"},\"query-input\":\"required name=search_term_string\"}],\"inLanguage\":\"he-IL\"},{\"@type\":\"WebPage\",\"@id\":\"https:\/\/destinoseviajes.com\/about\/#webpage\",\"url\":\"https:\/\/destinoseviajes.com\/about\/\",\"name\":\"Sobre Nosotros - Destinos e Viajes\",\"isPartOf\":{\"@id\":\"https:\/\/destinoseviajes.com\/#website\"},\"datePublished\":\"2023-06-10T13:42:22+00:00\",\"dateModified\":\"2025-10-29T12:09:31+00:00\",\"breadcrumb\":{\"@id\":\"https:\/\/destinoseviajes.com\/about\/#breadcrumb\"},\"inLanguage\":\"he-IL\",\"potentialAction\":[{\"@type\":\"ReadAction\",\"target\":[\"https:\/\/destinoseviajes.com\/about\/\"]}]},{\"@type\":\"BreadcrumbList\",\"@id\":\"https:\/\/destinoseviajes.com\/about\/#breadcrumb\",\"itemListElement\":[{\"@type\":\"ListItem\",\"position\":1,\"name\":\"Home\",\"item\":\"https:\/\/destinoseviajes.com\/\"},{\"@type\":\"ListItem\",\"position\":2,\"name\":\"Sobre Nosotros\"}]}]}<\/script>\n<!-- \/ Yoast SEO Premium plugin. -->","yoast_head_json":{"title":"Sobre Nosotros - Destinos e Viajes","robots":{"index":"index","follow":"follow","max-snippet":"max-snippet:-1","max-image-preview":"max-image-preview:large","max-video-preview":"max-video-preview:-1"},"canonical":"https:\/\/destinoseviajes.com\/he\/about\/","og_locale":"he_IL","og_type":"article","og_title":"Sobre Nosotros","og_description":"Destinos e Viajes es una plataforma dedicada a quienes desean viajar mejor informados y disfrutar de experiencias de juegos m\u00e1s completas y seguras. Ofrecemos contenidos \u00fatiles y actualizados sobre destinos tur\u00edsticos, planificaci\u00f3n de viajes, consejos pr\u00e1cticos, requisitos de entrada a diferentes pa\u00edses, as\u00ed como tambi\u00e9n sobre el mundo de los juegos, desde las mejores formas&hellip; Continue reading Sobre Nosotros","og_url":"https:\/\/destinoseviajes.com\/he\/about\/","og_site_name":"Destinos e Viajes","article_modified_time":"2025-10-29T12:09:31+00:00","twitter_card":"summary_large_image","twitter_misc":{"Est. reading time":"3 \u05d3\u05e7\u05d5\u05ea"},"schema":{"@context":"https:\/\/schema.org","@graph":[{"@type":"WebSite","@id":"https:\/\/destinoseviajes.com\/#website","url":"https:\/\/destinoseviajes.com\/","name":"Destinos e Viajes","description":"","potentialAction":[{"@type":"SearchAction","target":{"@type":"EntryPoint","urlTemplate":"https:\/\/destinoseviajes.com\/?s={search_term_string}"},"query-input":"required name=search_term_string"}],"inLanguage":"he-IL"},{"@type":"WebPage","@id":"https:\/\/destinoseviajes.com\/about\/#webpage","url":"https:\/\/destinoseviajes.com\/about\/","name":"Sobre Nosotros - Destinos e Viajes","isPartOf":{"@id":"https:\/\/destinoseviajes.com\/#website"},"datePublished":"2023-06-10T13:42:22+00:00","dateModified":"2025-10-29T12:09:31+00:00","breadcrumb":{"@id":"https:\/\/destinoseviajes.com\/about\/#breadcrumb"},"inLanguage":"he-IL","potentialAction":[{"@type":"ReadAction","target":["https:\/\/destinoseviajes.com\/about\/"]}]},{"@type":"BreadcrumbList","@id":"https:\/\/destinoseviajes.com\/about\/#breadcrumb","itemListElement":[{"@type":"ListItem","position":1,"name":"Home","item":"https:\/\/destinoseviajes.com\/"},{"@type":"ListItem","position":2,"name":"Sobre Nosotros"}]}]}},"_links":{"self":[{"href":"https:\/\/destinoseviajes.com\/he\/wp-json\/wp\/v2\/pages\/31963"}],"collection":[{"href":"https:\/\/destinoseviajes.com\/he\/wp-json\/wp\/v2\/pages"}],"about":[{"href":"https:\/\/destinoseviajes.com\/he\/wp-json\/wp\/v2\/types\/page"}],"author":[{"embeddable":true,"href":"https:\/\/destinoseviajes.com\/he\/wp-json\/wp\/v2\/users\/17"}],"replies":[{"embeddable":true,"href":"https:\/\/destinoseviajes.com\/he\/wp-json\/wp\/v2\/comments?post=31963"}],"version-history":[{"count":0,"href":"https:\/\/destinoseviajes.com\/he\/wp-json\/wp\/v2\/pages\/31963\/revisions"}],"wp:attachment":[{"href":"https:\/\/destinoseviajes.com\/he\/wp-json\/wp\/v2\/media?parent=31963"}],"curies":[{"name":"wp","href":"https:\/\/api.w.org\/{rel}","templated":true}]}}