{"id":31963,"date":"2023-06-10T13:42:22","date_gmt":"2023-06-10T13:42:22","guid":{"rendered":"https:\/\/destinoseviajes.com\/?page_id=31963"},"modified":"2025-10-29T12:09:31","modified_gmt":"2025-10-29T12:09:31","slug":"about","status":"publish","type":"page","link":"https:\/\/destinoseviajes.com\/fr\/about\/","title":{"rendered":"\u00c0 propos de nous"},"content":{"rendered":"<div class=\"mx-5 sm:mx-0 prose leading-relaxed text-lg mb-5 text-left wp-paragraph\">\n<p>Destinations et Voyages est une plateforme d\u00e9di\u00e9e aux voyageurs souhaitant \u00eatre mieux inform\u00e9s et profiter d&#039;exp\u00e9riences de jeu plus compl\u00e8tes et s\u00e9curis\u00e9es. Nous proposons des contenus utiles et actualis\u00e9s sur les destinations touristiques, l&#039;organisation de voyages, des conseils pratiques, les conditions d&#039;entr\u00e9e dans diff\u00e9rents pays, ainsi que sur l&#039;univers du jeu vid\u00e9o\u00a0: des meilleures fa\u00e7ons de se procurer des ressources aux derni\u00e8res actualit\u00e9s du secteur.<\/p>\n<\/div><div class=\"mx-5 sm:mx-0 prose leading-relaxed text-lg mb-5 text-left wp-paragraph\">\n<p>Nous savons que des informations \u00e9parses et peu fiables peuvent engendrer des doutes, que ce soit en voyage ou dans le monde du jeu vid\u00e9o. C&#039;est pourquoi notre objectif est de simplifier les choses, de r\u00e9pondre aux questions fr\u00e9quentes et d&#039;aider chaque lecteur et joueur \u00e0 prendre des d\u00e9cisions \u00e9clair\u00e9es, en accord avec ses int\u00e9r\u00eats, son budget et son mode de vie.<\/p>\n<\/div><div class=\"mx-5 sm:mx-0 prose leading-relaxed text-lg mb-5 text-left wp-paragraph\">\n<p>Bien que nous partagions des recommandations de lieux, d&#039;itin\u00e9raires, de services touristiques et de jeux, Destinos e Viajes ne repr\u00e9sente aucune agence, compagnie a\u00e9rienne, entreprise de tourisme ni plateforme de jeux. Nous ne g\u00e9rons ni les r\u00e9servations ni les ventes. Notre r\u00f4le est exclusivement informatif et de conseil, tant pour les voyageurs que pour les passionn\u00e9s de jeux vid\u00e9o.<\/p>\n<\/div><!--advertisement--><div class=\"mx-5 sm:mx-0 sm:text-3xl text-2xl font-medium title-font mb-4 text-gray-900 text-left\">\n<h2 id=\"h-nuestra-mision\">Notre mission<\/h2>\n<\/div><div class=\"mx-5 sm:mx-0 prose leading-relaxed text-lg mb-5 text-left wp-paragraph\">\n<p>Nous souhaitons rendre les voyages et les jeux vid\u00e9o plus accessibles, mieux organis\u00e9s et plus enrichissants. C&#039;est pourquoi nous cr\u00e9ons du contenu destin\u00e9 aux voyageurs novices, aux familles en qu\u00eate de confort, aux routards curieux, aux joueurs passionn\u00e9s, et \u00e0 tous ceux qui veulent d\u00e9couvrir le monde \u2013 physique ou virtuel \u2013 en \u00e9tant mieux pr\u00e9par\u00e9s.<\/p>\n<\/div><div class=\"mx-5 sm:mx-0 prose leading-relaxed text-lg mb-5 text-left wp-paragraph\">\n<p>Nous travaillons avec responsabilit\u00e9 et engagement, en privil\u00e9giant les informations issues de sources fiables, de donn\u00e9es v\u00e9rifi\u00e9es et d&#039;exp\u00e9riences concr\u00e8tes. Nous ne faisons pas de promesses irr\u00e9alistes, mais nous proposons des guides pratiques pour vous aider \u00e0 mieux planifier votre prochaine aventure, qu&#039;il s&#039;agisse d&#039;une destination touristique ou d&#039;un univers de jeu, et \u00e0 profiter pleinement de chaque \u00e9tape, de l&#039;id\u00e9e initiale \u00e0 votre retour ou \u00e0 votre prochaine partie.<\/p>\n<\/div><!--advertisement--><div class=\"mx-5 sm:mx-0 sm:text-3xl text-2xl font-medium title-font mb-4 text-gray-900 text-left\">\n<h2 id=\"h-que-encontraras-aqui\">Ce que vous trouverez ici<\/h2>\n<\/div><div class=\"mx-5 sm:mx-0 prose leading-relaxed text-lg mb-5 text-left wp-paragraph\">\n<p>Notre site est organis\u00e9 pour faciliter la recherche d&#039;informations utiles, divis\u00e9 en sections claires selon les int\u00e9r\u00eats les plus courants des voyageurs et des joueurs\u00a0:<\/p>\n<\/div><div class=\"mx-5 sm:mx-0 prose text-left mb-5\">\n<ul><div class=\"mx-5 sm:mx-0 prose text-left mb-5\">\n<li><strong>Destinations recommand\u00e9es par saison et profil du voyageur<\/strong><strong><br><\/strong> Trouvez la destination id\u00e9ale en fonction du climat, de votre style de voyage ou de vos pr\u00e9f\u00e9rences personnelles. Que vous pr\u00e9f\u00e9riez la nature, la culture, les plages ou les villes anim\u00e9es, nous avons des suggestions adapt\u00e9es \u00e0 vos go\u00fbts.<\/li>\n<\/div>\n\n<div class=\"mx-5 sm:mx-0 prose text-left mb-5\">\n<li><strong>Conseils pour planifier, emballer et \u00e9conomiser<\/strong><strong><br><\/strong> De la cr\u00e9ation d&#039;un itin\u00e9raire aux articles \u00e0 emporter, en passant par la recherche d&#039;options plus abordables, nous fournissons des guides pratiques pour vous aider \u00e0 organiser votre voyage ou votre exp\u00e9rience de jeu sans complications.<\/li>\n<\/div>\n\n<div class=\"mx-5 sm:mx-0 prose text-left mb-5\">\n<li><strong>Informations sur les visas, les documents et les conditions d&#039;entr\u00e9e<\/strong><strong><br><\/strong> Nous expliquons clairement ce dont vous avez besoin pour entrer dans diff\u00e9rents pays, comment obtenir un visa, quels vaccins sont obligatoires ou recommand\u00e9s, et d&#039;autres aspects essentiels.<\/li>\n<\/div>\n\n<div class=\"mx-5 sm:mx-0 prose text-left mb-5\">\n<li><strong>Applications, outils et ressources utiles pour les voyageurs et les joueurs<\/strong><strong><br><\/strong> Nous passons en revue les applications mobiles, les sites de comparaison de vols, les traducteurs, les cartes hors ligne et d&#039;autres ressources qui peuvent rendre votre voyage ou votre exp\u00e9rience de jeu plus facile et plus confortable.<\/li>\n<\/div>\n\n<div class=\"mx-5 sm:mx-0 prose text-left mb-5\">\n<li><strong>Informations int\u00e9ressantes, culture locale, conseils de savoir-vivre et jeux<\/strong><strong><br><\/strong> Nous vous aidons \u00e0 mieux comprendre la culture des destinations que vous visitez ou la dynamique des jeux vid\u00e9o auxquels vous appr\u00e9ciez, gr\u00e2ce \u00e0 des informations sur les coutumes, les normes locales et les aspects culturels qu&#039;il est bon de conna\u00eetre avant de voyager ou de jouer.<\/li>\n<\/div><\/ul>\n<\/div><!--advertisement--><div class=\"mx-5 sm:mx-0 sm:text-3xl text-2xl font-medium title-font mb-4 text-gray-900 text-left\">\n<h2 id=\"h-nuestro-enfoque\">Notre approche<\/h2>\n<\/div><div class=\"mx-5 sm:mx-0 prose leading-relaxed text-lg mb-5 text-left wp-paragraph\">\n<p>Chez Destinos e Viajes, nous travaillons en toute ind\u00e9pendance \u00e9ditoriale et en toute transparence. Nous ne recevons aucune r\u00e9mun\u00e9ration pour la r\u00e9daction d&#039;articles sur des lieux ou la promotion de services sp\u00e9cifiques. Notre contenu repose sur des recherches approfondies, de v\u00e9ritables t\u00e9moignages et une analyse impartiale.<\/p>\n<\/div><div class=\"mx-5 sm:mx-0 prose leading-relaxed text-lg mb-5 text-left wp-paragraph\">\n<p>Nous souhaitons contribuer \u00e0 une exp\u00e9rience de voyage et de jeu plus \u00e9clair\u00e9e, plus s\u00fbre et plus respectueuse. Nous sommes convaincus que la compr\u00e9hension du contexte, de la culture et des aspects pratiques d&#039;une destination, ou des m\u00e9canismes d&#039;un jeu, peut faire toute la diff\u00e9rence entre une exp\u00e9rience frustrante et un moment inoubliable.<\/p>\n<\/div><div class=\"mx-5 sm:mx-0 prose leading-relaxed text-lg mb-5 text-left wp-paragraph\">\n<p>Nous sommes l\u00e0 pour vous aider \u00e0 d\u00e9couvrir le monde sans mauvaises surprises, avec plus de confiance et de bonnes informations \u00e0 chaque \u00e9tape, que vous exploriez de nouvelles destinations ou que vous vous immergeiez dans de nouveaux univers virtuels.<\/p>\n<\/div>","protected":false},"excerpt":{"rendered":"<p>Destinations et Voyages est une plateforme d\u00e9di\u00e9e \u00e0 ceux qui souhaitent voyager mieux inform\u00e9s et profiter d&#039;exp\u00e9riences de jeu plus compl\u00e8tes et plus s\u00fbres. Nous proposons du contenu utile et actualis\u00e9 sur les destinations touristiques, la planification de voyages, des conseils pratiques, les conditions d&#039;entr\u00e9e dans diff\u00e9rents pays, ainsi que sur l&#039;univers du jeu vid\u00e9o, des meilleures fa\u00e7ons de s&#039;y prendre\u2026 <a class=\"more-link\" href=\"https:\/\/destinoseviajes.com\/fr\/about\/\">Poursuivez votre lecture <span class=\"screen-reader-text\">\u00c0 propos de nous<\/span><\/a><\/p>","protected":false},"author":17,"featured_media":0,"parent":0,"menu_order":0,"comment_status":"closed","ping_status":"closed","template":"","meta":[],"yoast_head":"<!-- This site is optimized with the Yoast SEO Premium plugin v18.7 (Yoast SEO v19.1) - https:\/\/yoast.com\/wordpress\/plugins\/seo\/ -->\n<title>Sobre Nosotros - Destinos e Viajes<\/title>\n<meta name=\"robots\" content=\"index, follow, max-snippet:-1, max-image-preview:large, max-video-preview:-1\" \/>\n<link rel=\"canonical\" href=\"https:\/\/destinoseviajes.com\/fr\/about\/\" \/>\n<meta property=\"og:locale\" content=\"fr_FR\" \/>\n<meta property=\"og:type\" content=\"article\" \/>\n<meta property=\"og:title\" content=\"Sobre Nosotros\" \/>\n<meta property=\"og:description\" content=\"Destinos e Viajes es una plataforma dedicada a quienes desean viajar mejor informados y disfrutar de experiencias de juegos m\u00e1s completas y seguras. Ofrecemos contenidos \u00fatiles y actualizados sobre destinos tur\u00edsticos, planificaci\u00f3n de viajes, consejos pr\u00e1cticos, requisitos de entrada a diferentes pa\u00edses, as\u00ed como tambi\u00e9n sobre el mundo de los juegos, desde las mejores formas&hellip; Continue reading Sobre Nosotros\" \/>\n<meta property=\"og:url\" content=\"https:\/\/destinoseviajes.com\/fr\/about\/\" \/>\n<meta property=\"og:site_name\" content=\"Destinos e Viajes\" \/>\n<meta property=\"article:modified_time\" content=\"2025-10-29T12:09:31+00:00\" \/>\n<meta name=\"twitter:card\" content=\"summary_large_image\" \/>\n<meta name=\"twitter:label1\" content=\"Est. reading time\" \/>\n\t<meta name=\"twitter:data1\" content=\"3 minutes\" \/>\n<script type=\"application\/ld+json\" class=\"yoast-schema-graph\">{\"@context\":\"https:\/\/schema.org\",\"@graph\":[{\"@type\":\"WebSite\",\"@id\":\"https:\/\/destinoseviajes.com\/#website\",\"url\":\"https:\/\/destinoseviajes.com\/\",\"name\":\"Destinos e Viajes\",\"description\":\"\",\"potentialAction\":[{\"@type\":\"SearchAction\",\"target\":{\"@type\":\"EntryPoint\",\"urlTemplate\":\"https:\/\/destinoseviajes.com\/?s={search_term_string}\"},\"query-input\":\"required name=search_term_string\"}],\"inLanguage\":\"fr-FR\"},{\"@type\":\"WebPage\",\"@id\":\"https:\/\/destinoseviajes.com\/about\/#webpage\",\"url\":\"https:\/\/destinoseviajes.com\/about\/\",\"name\":\"Sobre Nosotros - Destinos e Viajes\",\"isPartOf\":{\"@id\":\"https:\/\/destinoseviajes.com\/#website\"},\"datePublished\":\"2023-06-10T13:42:22+00:00\",\"dateModified\":\"2025-10-29T12:09:31+00:00\",\"breadcrumb\":{\"@id\":\"https:\/\/destinoseviajes.com\/about\/#breadcrumb\"},\"inLanguage\":\"fr-FR\",\"potentialAction\":[{\"@type\":\"ReadAction\",\"target\":[\"https:\/\/destinoseviajes.com\/about\/\"]}]},{\"@type\":\"BreadcrumbList\",\"@id\":\"https:\/\/destinoseviajes.com\/about\/#breadcrumb\",\"itemListElement\":[{\"@type\":\"ListItem\",\"position\":1,\"name\":\"Home\",\"item\":\"https:\/\/destinoseviajes.com\/\"},{\"@type\":\"ListItem\",\"position\":2,\"name\":\"Sobre Nosotros\"}]}]}<\/script>\n<!-- \/ Yoast SEO Premium plugin. -->","yoast_head_json":{"title":"Sobre Nosotros - Destinos e Viajes","robots":{"index":"index","follow":"follow","max-snippet":"max-snippet:-1","max-image-preview":"max-image-preview:large","max-video-preview":"max-video-preview:-1"},"canonical":"https:\/\/destinoseviajes.com\/fr\/about\/","og_locale":"fr_FR","og_type":"article","og_title":"Sobre Nosotros","og_description":"Destinos e Viajes es una plataforma dedicada a quienes desean viajar mejor informados y disfrutar de experiencias de juegos m\u00e1s completas y seguras. Ofrecemos contenidos \u00fatiles y actualizados sobre destinos tur\u00edsticos, planificaci\u00f3n de viajes, consejos pr\u00e1cticos, requisitos de entrada a diferentes pa\u00edses, as\u00ed como tambi\u00e9n sobre el mundo de los juegos, desde las mejores formas&hellip; Continue reading Sobre Nosotros","og_url":"https:\/\/destinoseviajes.com\/fr\/about\/","og_site_name":"Destinos e Viajes","article_modified_time":"2025-10-29T12:09:31+00:00","twitter_card":"summary_large_image","twitter_misc":{"Est. reading time":"3 minutes"},"schema":{"@context":"https:\/\/schema.org","@graph":[{"@type":"WebSite","@id":"https:\/\/destinoseviajes.com\/#website","url":"https:\/\/destinoseviajes.com\/","name":"Destinos e Viajes","description":"","potentialAction":[{"@type":"SearchAction","target":{"@type":"EntryPoint","urlTemplate":"https:\/\/destinoseviajes.com\/?s={search_term_string}"},"query-input":"required name=search_term_string"}],"inLanguage":"fr-FR"},{"@type":"WebPage","@id":"https:\/\/destinoseviajes.com\/about\/#webpage","url":"https:\/\/destinoseviajes.com\/about\/","name":"Sobre Nosotros - Destinos e Viajes","isPartOf":{"@id":"https:\/\/destinoseviajes.com\/#website"},"datePublished":"2023-06-10T13:42:22+00:00","dateModified":"2025-10-29T12:09:31+00:00","breadcrumb":{"@id":"https:\/\/destinoseviajes.com\/about\/#breadcrumb"},"inLanguage":"fr-FR","potentialAction":[{"@type":"ReadAction","target":["https:\/\/destinoseviajes.com\/about\/"]}]},{"@type":"BreadcrumbList","@id":"https:\/\/destinoseviajes.com\/about\/#breadcrumb","itemListElement":[{"@type":"ListItem","position":1,"name":"Home","item":"https:\/\/destinoseviajes.com\/"},{"@type":"ListItem","position":2,"name":"Sobre Nosotros"}]}]}},"_links":{"self":[{"href":"https:\/\/destinoseviajes.com\/fr\/wp-json\/wp\/v2\/pages\/31963"}],"collection":[{"href":"https:\/\/destinoseviajes.com\/fr\/wp-json\/wp\/v2\/pages"}],"about":[{"href":"https:\/\/destinoseviajes.com\/fr\/wp-json\/wp\/v2\/types\/page"}],"author":[{"embeddable":true,"href":"https:\/\/destinoseviajes.com\/fr\/wp-json\/wp\/v2\/users\/17"}],"replies":[{"embeddable":true,"href":"https:\/\/destinoseviajes.com\/fr\/wp-json\/wp\/v2\/comments?post=31963"}],"version-history":[{"count":0,"href":"https:\/\/destinoseviajes.com\/fr\/wp-json\/wp\/v2\/pages\/31963\/revisions"}],"wp:attachment":[{"href":"https:\/\/destinoseviajes.com\/fr\/wp-json\/wp\/v2\/media?parent=31963"}],"curies":[{"name":"wp","href":"https:\/\/api.w.org\/{rel}","templated":true}]}}